{"id":4254,"date":"2023-04-25T18:54:48","date_gmt":"2023-04-25T18:54:48","guid":{"rendered":"https:\/\/hensagolf-jacobsen.com\/?page_id=4254"},"modified":"2024-11-21T23:02:46","modified_gmt":"2024-11-21T23:02:46","slug":"sports","status":"publish","type":"page","link":"https:\/\/hensagolf-jacobsen.com\/index.php\/sports\/","title":{"rendered":"Sports"},"content":{"rendered":"\t\t<div data-elementor-type=\"wp-page\" data-elementor-id=\"4254\" class=\"elementor elementor-4254\" data-elementor-post-type=\"page\">\n\t\t\t\t\t\t<section class=\"elementor-section elementor-top-section elementor-element elementor-element-93488aa elementor-section-boxed elementor-section-height-default elementor-section-height-default\" data-id=\"93488aa\" data-element_type=\"section\" data-settings=\"{&quot;background_background&quot;:&quot;classic&quot;,&quot;jet_parallax_layout_list&quot;:[{&quot;jet_parallax_layout_image&quot;:{&quot;url&quot;:&quot;&quot;,&quot;id&quot;:&quot;&quot;,&quot;size&quot;:&quot;&quot;},&quot;_id&quot;:&quot;542b8b7&quot;,&quot;jet_parallax_layout_image_tablet&quot;:{&quot;url&quot;:&quot;&quot;,&quot;id&quot;:&quot;&quot;,&quot;size&quot;:&quot;&quot;},&quot;jet_parallax_layout_image_mobile&quot;:{&quot;url&quot;:&quot;&quot;,&quot;id&quot;:&quot;&quot;,&quot;size&quot;:&quot;&quot;},&quot;jet_parallax_layout_speed&quot;:{&quot;unit&quot;:&quot;%&quot;,&quot;size&quot;:50,&quot;sizes&quot;:[]},&quot;jet_parallax_layout_type&quot;:&quot;scroll&quot;,&quot;jet_parallax_layout_direction&quot;:null,&quot;jet_parallax_layout_fx_direction&quot;:null,&quot;jet_parallax_layout_z_index&quot;:&quot;&quot;,&quot;jet_parallax_layout_bg_x&quot;:50,&quot;jet_parallax_layout_bg_x_tablet&quot;:&quot;&quot;,&quot;jet_parallax_layout_bg_x_mobile&quot;:&quot;&quot;,&quot;jet_parallax_layout_bg_y&quot;:50,&quot;jet_parallax_layout_bg_y_tablet&quot;:&quot;&quot;,&quot;jet_parallax_layout_bg_y_mobile&quot;:&quot;&quot;,&quot;jet_parallax_layout_bg_size&quot;:&quot;auto&quot;,&quot;jet_parallax_layout_bg_size_tablet&quot;:&quot;&quot;,&quot;jet_parallax_layout_bg_size_mobile&quot;:&quot;&quot;,&quot;jet_parallax_layout_animation_prop&quot;:&quot;transform&quot;,&quot;jet_parallax_layout_on&quot;:[&quot;desktop&quot;,&quot;tablet&quot;]}]}\">\n\t\t\t\t\t\t<div class=\"elementor-container elementor-column-gap-no\">\n\t\t\t\t\t<div class=\"elementor-column elementor-col-100 elementor-top-column elementor-element elementor-element-0c95332\" data-id=\"0c95332\" data-element_type=\"column\">\n\t\t\t<div class=\"elementor-widget-wrap elementor-element-populated\">\n\t\t\t\t\t\t<div class=\"elementor-element elementor-element-d82acff elementor-widget elementor-widget-heading\" data-id=\"d82acff\" data-element_type=\"widget\" data-widget_type=\"heading.default\">\n\t\t\t\t<div class=\"elementor-widget-container\">\n\t\t\t<h1 class=\"elementor-heading-title elementor-size-default\">SPORTS<\/h1>\t\t<\/div>\n\t\t\t\t<\/div>\n\t\t\t\t\t<\/div>\n\t\t<\/div>\n\t\t\t\t\t<\/div>\n\t\t<\/section>\n\t\t\t\t<section class=\"elementor-section elementor-top-section elementor-element elementor-element-196c801 elementor-section-boxed elementor-section-height-default elementor-section-height-default\" data-id=\"196c801\" data-element_type=\"section\" data-settings=\"{&quot;jet_parallax_layout_list&quot;:[{&quot;jet_parallax_layout_image&quot;:{&quot;url&quot;:&quot;&quot;,&quot;id&quot;:&quot;&quot;,&quot;size&quot;:&quot;&quot;},&quot;_id&quot;:&quot;8181648&quot;,&quot;jet_parallax_layout_image_tablet&quot;:{&quot;url&quot;:&quot;&quot;,&quot;id&quot;:&quot;&quot;,&quot;size&quot;:&quot;&quot;},&quot;jet_parallax_layout_image_mobile&quot;:{&quot;url&quot;:&quot;&quot;,&quot;id&quot;:&quot;&quot;,&quot;size&quot;:&quot;&quot;},&quot;jet_parallax_layout_speed&quot;:{&quot;unit&quot;:&quot;%&quot;,&quot;size&quot;:50,&quot;sizes&quot;:[]},&quot;jet_parallax_layout_type&quot;:&quot;scroll&quot;,&quot;jet_parallax_layout_direction&quot;:null,&quot;jet_parallax_layout_fx_direction&quot;:null,&quot;jet_parallax_layout_z_index&quot;:&quot;&quot;,&quot;jet_parallax_layout_bg_x&quot;:50,&quot;jet_parallax_layout_bg_x_tablet&quot;:&quot;&quot;,&quot;jet_parallax_layout_bg_x_mobile&quot;:&quot;&quot;,&quot;jet_parallax_layout_bg_y&quot;:50,&quot;jet_parallax_layout_bg_y_tablet&quot;:&quot;&quot;,&quot;jet_parallax_layout_bg_y_mobile&quot;:&quot;&quot;,&quot;jet_parallax_layout_bg_size&quot;:&quot;auto&quot;,&quot;jet_parallax_layout_bg_size_tablet&quot;:&quot;&quot;,&quot;jet_parallax_layout_bg_size_mobile&quot;:&quot;&quot;,&quot;jet_parallax_layout_animation_prop&quot;:&quot;transform&quot;,&quot;jet_parallax_layout_on&quot;:[&quot;desktop&quot;,&quot;tablet&quot;]}],&quot;background_background&quot;:&quot;classic&quot;}\">\n\t\t\t\t\t\t<div class=\"elementor-container elementor-column-gap-default\">\n\t\t\t\t\t<div class=\"elementor-column elementor-col-100 elementor-top-column elementor-element elementor-element-ea9466e\" data-id=\"ea9466e\" data-element_type=\"column\">\n\t\t\t<div class=\"elementor-widget-wrap\">\n\t\t\t\t\t\t\t<\/div>\n\t\t<\/div>\n\t\t\t\t\t<\/div>\n\t\t<\/section>\n\t\t\t\t<section class=\"elementor-section elementor-top-section elementor-element elementor-element-2cf3e4ba elementor-section-height-min-height elementor-section-boxed elementor-section-height-default elementor-section-items-middle\" data-id=\"2cf3e4ba\" data-element_type=\"section\" data-settings=\"{&quot;jet_parallax_layout_list&quot;:[{&quot;jet_parallax_layout_image&quot;:{&quot;url&quot;:&quot;&quot;,&quot;id&quot;:&quot;&quot;,&quot;size&quot;:&quot;&quot;},&quot;_id&quot;:&quot;862d403&quot;,&quot;jet_parallax_layout_image_tablet&quot;:{&quot;url&quot;:&quot;&quot;,&quot;id&quot;:&quot;&quot;,&quot;size&quot;:&quot;&quot;},&quot;jet_parallax_layout_image_mobile&quot;:{&quot;url&quot;:&quot;&quot;,&quot;id&quot;:&quot;&quot;,&quot;size&quot;:&quot;&quot;},&quot;jet_parallax_layout_speed&quot;:{&quot;unit&quot;:&quot;%&quot;,&quot;size&quot;:50,&quot;sizes&quot;:[]},&quot;jet_parallax_layout_type&quot;:&quot;scroll&quot;,&quot;jet_parallax_layout_direction&quot;:null,&quot;jet_parallax_layout_fx_direction&quot;:null,&quot;jet_parallax_layout_z_index&quot;:&quot;&quot;,&quot;jet_parallax_layout_bg_x&quot;:50,&quot;jet_parallax_layout_bg_x_tablet&quot;:&quot;&quot;,&quot;jet_parallax_layout_bg_x_mobile&quot;:&quot;&quot;,&quot;jet_parallax_layout_bg_y&quot;:50,&quot;jet_parallax_layout_bg_y_tablet&quot;:&quot;&quot;,&quot;jet_parallax_layout_bg_y_mobile&quot;:&quot;&quot;,&quot;jet_parallax_layout_bg_size&quot;:&quot;auto&quot;,&quot;jet_parallax_layout_bg_size_tablet&quot;:&quot;&quot;,&quot;jet_parallax_layout_bg_size_mobile&quot;:&quot;&quot;,&quot;jet_parallax_layout_animation_prop&quot;:&quot;transform&quot;,&quot;jet_parallax_layout_on&quot;:[&quot;desktop&quot;,&quot;tablet&quot;]}],&quot;background_background&quot;:&quot;classic&quot;}\">\n\t\t\t\t\t\t<div class=\"elementor-container elementor-column-gap-default\">\n\t\t\t\t\t<div class=\"elementor-column elementor-col-100 elementor-top-column elementor-element elementor-element-1ff8cf0e\" data-id=\"1ff8cf0e\" data-element_type=\"column\">\n\t\t\t<div class=\"elementor-widget-wrap elementor-element-populated\">\n\t\t\t\t\t\t<div class=\"elementor-element elementor-element-63ee6080 elementor-widget elementor-widget-jet-carousel\" data-id=\"63ee6080\" data-element_type=\"widget\" data-settings=\"{&quot;slides_to_show&quot;:&quot;7&quot;,&quot;slides_to_show_mobile&quot;:&quot;3&quot;,&quot;slides_to_scroll&quot;:&quot;1&quot;}\" data-widget_type=\"jet-carousel.default\">\n\t\t\t\t<div class=\"elementor-widget-container\">\n\t\t\t<div class=\"elementor-jet-carousel jet-elements\"><div class=\"jet-carousel-wrap\">\n\t<div class=\"jet-carousel\" data-slider_options=\"{&quot;autoplaySpeed&quot;:5000,&quot;autoplay&quot;:false,&quot;infinite&quot;:true,&quot;centerMode&quot;:false,&quot;pauseOnHover&quot;:false,&quot;speed&quot;:731,&quot;arrows&quot;:true,&quot;dots&quot;:false,&quot;variableWidth&quot;:false,&quot;prevArrow&quot;:&quot;.jet-carousel__prev-arrow-63ee6080&quot;,&quot;nextArrow&quot;:&quot;.jet-carousel__next-arrow-63ee6080&quot;,&quot;rtl&quot;:false,&quot;fractionNav&quot;:false}\" dir=\"ltr\">\n\t<div class=\"elementor-slick-slider\">\n<div class=\"jet-carousel__item\">\n\t<div class=\"jet-carousel__item-inner\"><a href=\"https:\/\/hensagolf-jacobsen.com\/index.php\/eclipse-2-hibrido\/\" class=\"jet-carousel__item-link\" ><img decoding=\"async\" src=\"https:\/\/hensagolf-jacobsen.com\/wp-content\/uploads\/2023\/04\/Eclipse-2_cc-300x300.png\" class=\"jet-carousel__item-img\" alt=\"Eclipse 2_cc\" loading=\"lazy\"><\/a><div class=\"jet-carousel__content\"><h2 class=\"jet-carousel__item-title\"><a href=\"https:\/\/hensagolf-jacobsen.com\/index.php\/eclipse-2-hibrido\/\">Eclipse 2 H\u00edbrido ><\/a><\/h2><\/div><\/div>\n<\/div>\n<div class=\"jet-carousel__item\">\n\t<div class=\"jet-carousel__item-inner\"><a href=\"https:\/\/hensagolf-jacobsen.com\/index.php\/eclipse-360-elite\/\" class=\"jet-carousel__item-link\" ><img decoding=\"async\" src=\"https:\/\/hensagolf-jacobsen.com\/wp-content\/uploads\/2023\/04\/ELiTE-360-Product-300x300.png\" class=\"jet-carousel__item-img\" alt=\"ELiTE 360 Product\" loading=\"lazy\"><\/a><div class=\"jet-carousel__content\"><h2 class=\"jet-carousel__item-title\"><a href=\"https:\/\/hensagolf-jacobsen.com\/index.php\/eclipse-360-elite\/\">Eclipse 360 \u00c9lite ><\/a><\/h2><\/div><\/div>\n<\/div>\n<div class=\"jet-carousel__item\">\n\t<div class=\"jet-carousel__item-inner\"><a href=\"https:\/\/hensagolf-jacobsen.com\/index.php\/eclipse-360-hibrido\/\" class=\"jet-carousel__item-link\" ><img decoding=\"async\" src=\"https:\/\/hensagolf-jacobsen.com\/wp-content\/uploads\/2023\/04\/Eclipse-360-Hybrid_cc-300x300.png\" class=\"jet-carousel__item-img\" alt=\"Eclipse 360 Hybrid_cc\" loading=\"lazy\"><\/a><div class=\"jet-carousel__content\"><h2 class=\"jet-carousel__item-title\"><a href=\"https:\/\/hensagolf-jacobsen.com\/index.php\/eclipse-360-hibrido\/\">Eclipse 360 H\u00edbrido><\/a><\/h2><\/div><\/div>\n<\/div>\n<div class=\"jet-carousel__item\">\n\t<div class=\"jet-carousel__item-inner\"><a href=\"https:\/\/hensagolf-jacobsen.com\/index.php\/pgm22\/\" class=\"jet-carousel__item-link\" ><img decoding=\"async\" src=\"https:\/\/hensagolf-jacobsen.com\/wp-content\/uploads\/2023\/04\/PGM-22-New-Engine-300x300.png\" class=\"jet-carousel__item-img\" alt=\"PGM 22 - New Engine\" loading=\"lazy\"><\/a><div class=\"jet-carousel__content\"><h2 class=\"jet-carousel__item-title\"><a href=\"https:\/\/hensagolf-jacobsen.com\/index.php\/pgm22\/\">       PGM 22 ><\/a><\/h2><\/div><\/div>\n<\/div>\n<div class=\"jet-carousel__item\">\n\t<div class=\"jet-carousel__item-inner\"><a href=\"https:\/\/hensagolf-jacobsen.com\/index.php\/gp400-gas\/\" class=\"jet-carousel__item-link\" ><img decoding=\"async\" src=\"https:\/\/hensagolf-jacobsen.com\/wp-content\/uploads\/2023\/04\/GP400-Gas-Product-Picture_cc-300x300.png\" class=\"jet-carousel__item-img\" alt=\"GP400 Gas Product Picture_cc\" loading=\"lazy\"><\/a><div class=\"jet-carousel__content\"><h2 class=\"jet-carousel__item-title\"><a href=\"https:\/\/hensagolf-jacobsen.com\/index.php\/gp400-gas\/\">GP400 Gas ><\/a><\/h2><\/div><\/div>\n<\/div>\n<div class=\"jet-carousel__item\">\n\t<div class=\"jet-carousel__item-inner\"><a href=\"https:\/\/hensagolf-jacobsen.com\/index.php\/gp400-diesel\/\" class=\"jet-carousel__item-link\" ><img decoding=\"async\" src=\"https:\/\/hensagolf-jacobsen.com\/wp-content\/uploads\/2023\/04\/GP400-Diesel-Product-Picture_cc-300x300.png\" class=\"jet-carousel__item-img\" alt=\"GP400 Diesel Product Picture_cc\" loading=\"lazy\"><\/a><div class=\"jet-carousel__content\"><h2 class=\"jet-carousel__item-title\"><a href=\"https:\/\/hensagolf-jacobsen.com\/index.php\/gp400-diesel\/\">GP400 Diesel ><\/a><\/h2><\/div><\/div>\n<\/div>\n<div class=\"jet-carousel__item\">\n\t<div class=\"jet-carousel__item-inner\"><a href=\"https:\/\/hensagolf-jacobsen.com\/index.php\/eclipse-360-hybrido\/\" class=\"jet-carousel__item-link\" ><img decoding=\"async\" src=\"https:\/\/hensagolf-jacobsen.com\/wp-content\/uploads\/2023\/04\/TR320-300x300.png\" class=\"jet-carousel__item-img\" alt=\"TR320\" loading=\"lazy\"><\/a><div class=\"jet-carousel__content\"><h2 class=\"jet-carousel__item-title\"><a href=\"https:\/\/hensagolf-jacobsen.com\/index.php\/eclipse-360-hybrido\/\">TR320 ><\/a><\/h2><\/div><\/div>\n<\/div>\n<div class=\"jet-carousel__item\">\n\t<div class=\"jet-carousel__item-inner\"><a href=\"https:\/\/hensagolf-jacobsen.com\/index.php\/tr330\/\" class=\"jet-carousel__item-link\" ><img decoding=\"async\" src=\"https:\/\/hensagolf-jacobsen.com\/wp-content\/uploads\/2023\/04\/TR330-300x300.png\" class=\"jet-carousel__item-img\" alt=\"TR330\" loading=\"lazy\"><\/a><div class=\"jet-carousel__content\"><h2 class=\"jet-carousel__item-title\"><a href=\"https:\/\/hensagolf-jacobsen.com\/index.php\/tr330\/\">TR330 ><\/a><\/h2><\/div><\/div>\n<\/div>\n<div class=\"jet-carousel__item\">\n\t<div class=\"jet-carousel__item-inner\"><a href=\"https:\/\/hensagolf-jacobsen.com\/index.php\/lf550\/\" class=\"jet-carousel__item-link\" ><img decoding=\"async\" src=\"https:\/\/hensagolf-jacobsen.com\/wp-content\/uploads\/2023\/04\/LF550_cc-300x300.png\" class=\"jet-carousel__item-img\" alt=\"LF550_cc\" loading=\"lazy\"><\/a><div class=\"jet-carousel__content\"><h2 class=\"jet-carousel__item-title\"><a href=\"https:\/\/hensagolf-jacobsen.com\/index.php\/lf550\/\">LF550 ><\/a><\/h2><\/div><\/div>\n<\/div>\n<div class=\"jet-carousel__item\">\n\t<div class=\"jet-carousel__item-inner\"><a href=\"https:\/\/hensagolf-jacobsen.com\/index.php\/lf570\/\" class=\"jet-carousel__item-link\" ><img decoding=\"async\" src=\"https:\/\/hensagolf-jacobsen.com\/wp-content\/uploads\/2023\/04\/LF570_cc-300x300.png\" class=\"jet-carousel__item-img\" alt=\"LF570_cc\" loading=\"lazy\"><\/a><div class=\"jet-carousel__content\"><h2 class=\"jet-carousel__item-title\"><a href=\"https:\/\/hensagolf-jacobsen.com\/index.php\/lf570\/\">LF570  ><\/a><\/h2><\/div><\/div>\n<\/div>\n<div class=\"jet-carousel__item\">\n\t<div class=\"jet-carousel__item-inner\"><a href=\"https:\/\/hensagolf-jacobsen.com\/index.php\/ar321\/\" class=\"jet-carousel__item-link\" ><img decoding=\"async\" src=\"https:\/\/hensagolf-jacobsen.com\/wp-content\/uploads\/2023\/04\/AR321-Product-Picture_0-300x300.png\" class=\"jet-carousel__item-img\" alt=\"AR321 Product Picture_0\" loading=\"lazy\"><\/a><div class=\"jet-carousel__content\"><h2 class=\"jet-carousel__item-title\"><a href=\"https:\/\/hensagolf-jacobsen.com\/index.php\/ar321\/\">AR321 ><\/a><\/h2><\/div><\/div>\n<\/div>\n<div class=\"jet-carousel__item\">\n\t<div class=\"jet-carousel__item-inner\"><a href=\"https:\/\/hensagolf-jacobsen.com\/index.php\/ar331\/\" class=\"jet-carousel__item-link\" ><img decoding=\"async\" src=\"https:\/\/hensagolf-jacobsen.com\/wp-content\/uploads\/2023\/04\/AR331-Product-Picture_cc-300x300.png\" class=\"jet-carousel__item-img\" alt=\"AR331 Product Picture_cc\" loading=\"lazy\"><\/a><div class=\"jet-carousel__content\"><h2 class=\"jet-carousel__item-title\"><a href=\"https:\/\/hensagolf-jacobsen.com\/index.php\/ar331\/\">AR331  ><\/a><\/h2><\/div><\/div>\n<\/div>\n<div class=\"jet-carousel__item\">\n\t<div class=\"jet-carousel__item-inner\"><a href=\"https:\/\/hensagolf-jacobsen.com\/index.php\/ar530\/\" class=\"jet-carousel__item-link\" ><img decoding=\"async\" src=\"https:\/\/hensagolf-jacobsen.com\/wp-content\/uploads\/2023\/04\/AR530-PNG-300x300.png\" class=\"jet-carousel__item-img\" alt=\"AR530 PNG\" loading=\"lazy\"><\/a><div class=\"jet-carousel__content\"><h2 class=\"jet-carousel__item-title\"><a href=\"https:\/\/hensagolf-jacobsen.com\/index.php\/ar530\/\">AR530><\/a><\/h2><a class=\"elementor-button elementor-size-md jet-carousel__item-button\" href=\"https:\/\/hensagolf-jacobsen.com\/index.php\/ar530\/\"> <\/a><\/div><\/div>\n<\/div>\n<\/div><div class=\"jet-carousel__prev-arrow-63ee6080 jet-arrow prev-arrow\"><i aria-hidden=\"true\" class=\"fas fa-angle-left\"><\/i><\/div><div class=\"jet-carousel__next-arrow-63ee6080 jet-arrow next-arrow\"><i aria-hidden=\"true\" class=\"fas fa-angle-right\"><\/i><\/div><\/div>\n<\/div>\n<\/div>\t\t<\/div>\n\t\t\t\t<\/div>\n\t\t\t\t\t<\/div>\n\t\t<\/div>\n\t\t\t\t\t<\/div>\n\t\t<\/section>\n\t\t\t\t<section class=\"elementor-section elementor-top-section elementor-element elementor-element-ce77462 elementor-section-boxed elementor-section-height-default elementor-section-height-default\" data-id=\"ce77462\" data-element_type=\"section\" data-settings=\"{&quot;jet_parallax_layout_list&quot;:[{&quot;jet_parallax_layout_image&quot;:{&quot;url&quot;:&quot;&quot;,&quot;id&quot;:&quot;&quot;,&quot;size&quot;:&quot;&quot;},&quot;_id&quot;:&quot;0da02b3&quot;,&quot;jet_parallax_layout_image_tablet&quot;:{&quot;url&quot;:&quot;&quot;,&quot;id&quot;:&quot;&quot;,&quot;size&quot;:&quot;&quot;},&quot;jet_parallax_layout_image_mobile&quot;:{&quot;url&quot;:&quot;&quot;,&quot;id&quot;:&quot;&quot;,&quot;size&quot;:&quot;&quot;},&quot;jet_parallax_layout_speed&quot;:{&quot;unit&quot;:&quot;%&quot;,&quot;size&quot;:50,&quot;sizes&quot;:[]},&quot;jet_parallax_layout_type&quot;:&quot;scroll&quot;,&quot;jet_parallax_layout_direction&quot;:null,&quot;jet_parallax_layout_fx_direction&quot;:null,&quot;jet_parallax_layout_z_index&quot;:&quot;&quot;,&quot;jet_parallax_layout_bg_x&quot;:50,&quot;jet_parallax_layout_bg_x_tablet&quot;:&quot;&quot;,&quot;jet_parallax_layout_bg_x_mobile&quot;:&quot;&quot;,&quot;jet_parallax_layout_bg_y&quot;:50,&quot;jet_parallax_layout_bg_y_tablet&quot;:&quot;&quot;,&quot;jet_parallax_layout_bg_y_mobile&quot;:&quot;&quot;,&quot;jet_parallax_layout_bg_size&quot;:&quot;auto&quot;,&quot;jet_parallax_layout_bg_size_tablet&quot;:&quot;&quot;,&quot;jet_parallax_layout_bg_size_mobile&quot;:&quot;&quot;,&quot;jet_parallax_layout_animation_prop&quot;:&quot;transform&quot;,&quot;jet_parallax_layout_on&quot;:[&quot;desktop&quot;,&quot;tablet&quot;]}]}\">\n\t\t\t\t\t\t<div class=\"elementor-container elementor-column-gap-default\">\n\t\t\t\t\t<div class=\"elementor-column elementor-col-25 elementor-top-column elementor-element elementor-element-7aa9877\" data-id=\"7aa9877\" data-element_type=\"column\">\n\t\t\t<div class=\"elementor-widget-wrap\">\n\t\t\t\t\t\t\t<\/div>\n\t\t<\/div>\n\t\t\t\t<div class=\"elementor-column elementor-col-50 elementor-top-column elementor-element elementor-element-b3d55ac\" data-id=\"b3d55ac\" data-element_type=\"column\">\n\t\t\t<div class=\"elementor-widget-wrap elementor-element-populated\">\n\t\t\t\t\t\t<div class=\"elementor-element elementor-element-07ef705 elementor-align-center elementor-widget elementor-widget-button\" data-id=\"07ef705\" data-element_type=\"widget\" data-widget_type=\"button.default\">\n\t\t\t\t<div class=\"elementor-widget-container\">\n\t\t\t\t\t\t\t<div class=\"elementor-button-wrapper\">\n\t\t\t\t\t<a class=\"elementor-button elementor-button-link elementor-size-sm\" href=\"https:\/\/hensagolf-jacobsen.com\/index.php\/cortacespedes-deportivos\/\">\n\t\t\t\t\t\t<span class=\"elementor-button-content-wrapper\">\n\t\t\t\t\t\t\t\t\t<span class=\"elementor-button-text\">VER TODOS LOS CORTAC\u00c9SPEDES DEPORTIVOS ><\/span>\n\t\t\t\t\t<\/span>\n\t\t\t\t\t<\/a>\n\t\t\t\t<\/div>\n\t\t\t\t\t\t<\/div>\n\t\t\t\t<\/div>\n\t\t\t\t\t<\/div>\n\t\t<\/div>\n\t\t\t\t<div class=\"elementor-column elementor-col-25 elementor-top-column elementor-element elementor-element-67e8a67\" data-id=\"67e8a67\" data-element_type=\"column\">\n\t\t\t<div class=\"elementor-widget-wrap\">\n\t\t\t\t\t\t\t<\/div>\n\t\t<\/div>\n\t\t\t\t\t<\/div>\n\t\t<\/section>\n\t\t\t\t<\/div>\n\t\t","protected":false},"excerpt":{"rendered":"<p>SPORTS Eclipse 2 H\u00edbrido > Eclipse 360 \u00c9lite > Eclipse 360 H\u00edbrido> PGM 22 > GP400 Gas > GP400 Diesel > TR320 > TR330 > LF550 > LF570 > AR321 > AR331 > AR530> VER TODOS LOS CORTAC\u00c9SPEDES DEPORTIVOS ><\/p>\n","protected":false},"author":1,"featured_media":0,"parent":0,"menu_order":0,"comment_status":"closed","ping_status":"closed","template":"","meta":{"wprm-recipe-roundup-name":"","wprm-recipe-roundup-description":"","site-sidebar-layout":"no-sidebar","site-content-layout":"page-builder","ast-site-content-layout":"","site-content-style":"default","site-sidebar-style":"default","ast-global-header-display":"","ast-banner-title-visibility":"","ast-main-header-display":"","ast-hfb-above-header-display":"","ast-hfb-below-header-display":"","ast-hfb-mobile-header-display":"","site-post-title":"disabled","ast-breadcrumbs-content":"disabled","ast-featured-img":"disabled","footer-sml-layout":"","theme-transparent-header-meta":"enabled","adv-header-id-meta":"","stick-header-meta":"","header-above-stick-meta":"","header-main-stick-meta":"","header-below-stick-meta":"","astra-migrate-meta-layouts":"default","ast-page-background-enabled":"default","ast-page-background-meta":{"desktop":{"background-color":"","background-image":"","background-repeat":"repeat","background-position":"center center","background-size":"auto","background-attachment":"scroll","background-type":"","background-media":"","overlay-type":"","overlay-color":"","overlay-opacity":"","overlay-gradient":""},"tablet":{"background-color":"","background-image":"","background-repeat":"repeat","background-position":"center center","background-size":"auto","background-attachment":"scroll","background-type":"","background-media":"","overlay-type":"","overlay-color":"","overlay-opacity":"","overlay-gradient":""},"mobile":{"background-color":"","background-image":"","background-repeat":"repeat","background-position":"center center","background-size":"auto","background-attachment":"scroll","background-type":"","background-media":"","overlay-type":"","overlay-color":"","overlay-opacity":"","overlay-gradient":""}},"ast-content-background-meta":{"desktop":{"background-color":"var(--ast-global-color-5)","background-image":"","background-repeat":"repeat","background-position":"center center","background-size":"auto","background-attachment":"scroll","background-type":"","background-media":"","overlay-type":"","overlay-color":"","overlay-opacity":"","overlay-gradient":""},"tablet":{"background-color":"var(--ast-global-color-5)","background-image":"","background-repeat":"repeat","background-position":"center center","background-size":"auto","background-attachment":"scroll","background-type":"","background-media":"","overlay-type":"","overlay-color":"","overlay-opacity":"","overlay-gradient":""},"mobile":{"background-color":"var(--ast-global-color-5)","background-image":"","background-repeat":"repeat","background-position":"center center","background-size":"auto","background-attachment":"scroll","background-type":"","background-media":"","overlay-type":"","overlay-color":"","overlay-opacity":"","overlay-gradient":""}},"footnotes":""},"class_list":["post-4254","page","type-page","status-publish","hentry"],"_links":{"self":[{"href":"https:\/\/hensagolf-jacobsen.com\/index.php\/wp-json\/wp\/v2\/pages\/4254","targetHints":{"allow":["GET"]}}],"collection":[{"href":"https:\/\/hensagolf-jacobsen.com\/index.php\/wp-json\/wp\/v2\/pages"}],"about":[{"href":"https:\/\/hensagolf-jacobsen.com\/index.php\/wp-json\/wp\/v2\/types\/page"}],"author":[{"embeddable":true,"href":"https:\/\/hensagolf-jacobsen.com\/index.php\/wp-json\/wp\/v2\/users\/1"}],"replies":[{"embeddable":true,"href":"https:\/\/hensagolf-jacobsen.com\/index.php\/wp-json\/wp\/v2\/comments?post=4254"}],"version-history":[{"count":67,"href":"https:\/\/hensagolf-jacobsen.com\/index.php\/wp-json\/wp\/v2\/pages\/4254\/revisions"}],"predecessor-version":[{"id":7233,"href":"https:\/\/hensagolf-jacobsen.com\/index.php\/wp-json\/wp\/v2\/pages\/4254\/revisions\/7233"}],"wp:attachment":[{"href":"https:\/\/hensagolf-jacobsen.com\/index.php\/wp-json\/wp\/v2\/media?parent=4254"}],"curies":[{"name":"wp","href":"https:\/\/api.w.org\/{rel}","templated":true}]}}